{"id":4124,"date":"2024-03-14T14:47:12","date_gmt":"2024-03-14T13:47:12","guid":{"rendered":"https:\/\/energie.uhrig-group.com\/legal-notice\/"},"modified":"2025-10-15T09:16:38","modified_gmt":"2025-10-15T07:16:38","slug":"aviso-legal","status":"publish","type":"page","link":"https:\/\/energie.uhrig-group.com\/es\/aviso-legal\/","title":{"rendered":"Aviso legal"},"content":{"rendered":"\t\t<div data-elementor-type=\"wp-page\" data-elementor-id=\"4124\" class=\"elementor elementor-4124 elementor-2379\" data-elementor-settings=\"{&quot;ha_cmc_init_switcher&quot;:&quot;no&quot;}\">\n\t\t\t\t<div class=\"elementor-element elementor-element-afac423 e-flex e-con-boxed e-con e-parent\" data-id=\"afac423\" data-element_type=\"container\" data-e-type=\"container\" data-settings=\"{&quot;_ha_eqh_enable&quot;:false}\">\n\t\t\t\t\t<div class=\"e-con-inner\">\n\t\t\t\t<div class=\"elementor-element elementor-element-2461e694 elementor-widget elementor-widget-html\" data-id=\"2461e694\" data-element_type=\"widget\" data-e-type=\"widget\" data-widget_type=\"html.default\">\n\t\t\t\t<div class=\"elementor-widget-container\">\n\t\t\t\t\t<h1 style=\"font-size: 26px;\">Aviso legal<\/h1>\n<p>&nbsp;<\/p>\n<b>Responsable del contenido del sitio web<\/b>\n<p style=\"padding-top: 15px;\">UHRIG Energie GmbH<\/p>\n<p>Directores Generales: Stephan von Bothmer-Schlegtendal y Christoph von Bothmer-Schlegtendal<br>\nAm Roten Kreuz 2<\/p>\n<p>78187 Geisingen, Alemania<\/p>\n<p><br>\nTel: +49 7704 806-0<br>\nFax: +49 7704 806-50<br>\nE-mail: zentrale@uhrig-bau.de<br>\nWeb: http:\/\/www.energie-aus-abwasser.eu<\/p>\n<p><br>\nRegistro judicial: Stuttgart tribunal local<br>\nN\u00famero de registro  HRB 764 534<br>\nN\u00famero de identificaci\u00f3n fiscal [UStID] DE 31 8522 895<\/p>\n<p style=\"padding-top: 15px;\">&nbsp;<\/p>\n<b>Descargo de responsabilidad<\/b>\n<p style=\"padding-top: 15px;\">La informaci\u00f3n facilitada en este sitio web se ha comprobado cuidadosamente. Sin embargo, dado que este sitio web tiene fines de informaci\u00f3n general, no se puede aceptar ninguna responsabilidad de que toda la informaci\u00f3n sea correcta y est\u00e9 actualizada en todo momento. Los operadores de los sitios web enlazados son los \u00fanicos responsables de su contenido y funcionalidad. El uso de este sitio web corre por cuenta y riesgo del usuario. UHRIG Energie GmbH no asume ninguna responsabilidad por da\u00f1os directos, indirectos, especiales, consecuenciales o de otro tipo que se deriven del uso o de la imposibilidad de uso de este sitio web y de su contenido. Si partes o formulaciones individuales de esta exenci\u00f3n de responsabilidad no son, dejan de ser o no son completamente efectivas debido a la situaci\u00f3n legal actual, todas las dem\u00e1s partes no se ver\u00e1n afectadas.<\/p>\n<p style=\"padding-top: 15px;\">&nbsp;<\/p>\n<b>Copyright<\/b>\n<p style=\"padding-top: 15px;\">El contenido y los datos publicados en este sitio web son propiedad de UHRIG Energie GmbH y est\u00e1n protegidos por derechos de autor o han sido autorizados para su publicaci\u00f3n por los respectivos titulares de los derechos. La copia, distribuci\u00f3n y modificaci\u00f3n de estos contenidos y datos requiere la autorizaci\u00f3n expresa de UHRIG Energie GmbH. Nos reservamos el derecho de emprender acciones legales contra el uso no autorizado o indebido.<\/p>\n<p style=\"padding-top: 15px;\">&nbsp;<\/p>\n<b>Legislaci\u00f3n y jurisdicci\u00f3n aplicables<\/b>\n<p style=\"padding-top: 15px;\">El contenido y el uso del sitio web, as\u00ed como los t\u00e9rminos y condiciones enumerados, se rigen por la legislaci\u00f3n alemana. Usted y UHRIG Energie GmbH se someten a la jurisdicci\u00f3n no exclusiva de los tribunales alemanes.<\/p>\n<p style=\"padding-top: 15px;\">&nbsp;<\/p>\n<b>Informaci\u00f3n para los consumidores:<\/b>\n<p style=\"padding-top: 15px;\">No estamos obligados a participar en un procedimiento de resoluci\u00f3n de litigios ante una junta arbitral de consumo y no participamos en dicho procedimiento.<\/p>\n<p style=\"padding-top: 25px;\"><b>Fuentes de im\u00e1genes:<\/b><\/p>\n<p>stock.adobe.com<\/p>\n<p>istockphoto.com<\/p>\n<p>canva.com<\/p>\t\t\t\t<\/div>\n\t\t\t\t<\/div>\n\t\t\t\t\t<\/div>\n\t\t\t\t<\/div>\n\t\t\t\t<\/div>\n\t\t","protected":false},"excerpt":{"rendered":"<p>Aviso legal &nbsp; Responsable del contenido del sitio web UHRIG Energie GmbH Directores Generales: Stephan von Bothmer-Schlegtendal y Christoph von Bothmer-Schlegtendal Am Roten Kreuz 2 78187 Geisingen, Alemania Tel: +49 [&#8230;]<\/p>\n","protected":false},"author":1,"featured_media":0,"parent":0,"menu_order":0,"comment_status":"closed","ping_status":"closed","template":"","meta":{"site-sidebar-layout":"no-sidebar","site-content-layout":"page-builder","ast-site-content-layout":"full-width-container","site-content-style":"default","site-sidebar-style":"default","ast-global-header-display":"","ast-banner-title-visibility":"","ast-main-header-display":"","ast-hfb-above-header-display":"","ast-hfb-below-header-display":"","ast-hfb-mobile-header-display":"","site-post-title":"disabled","ast-breadcrumbs-content":"","ast-featured-img":"disabled","footer-sml-layout":"","ast-disable-related-posts":"","theme-transparent-header-meta":"","adv-header-id-meta":"","stick-header-meta":"","header-above-stick-meta":"","header-main-stick-meta":"","header-below-stick-meta":"","astra-migrate-meta-layouts":"set","ast-page-background-enabled":"default","ast-page-background-meta":{"desktop":{"background-color":"var(--ast-global-color-4)","background-image":"","background-repeat":"repeat","background-position":"center center","background-size":"auto","background-attachment":"scroll","background-type":"","background-media":"","overlay-type":"","overlay-color":"","overlay-opacity":"","overlay-gradient":""},"tablet":{"background-color":"","background-image":"","background-repeat":"repeat","background-position":"center center","background-size":"auto","background-attachment":"scroll","background-type":"","background-media":"","overlay-type":"","overlay-color":"","overlay-opacity":"","overlay-gradient":""},"mobile":{"background-color":"","background-image":"","background-repeat":"repeat","background-position":"center center","background-size":"auto","background-attachment":"scroll","background-type":"","background-media":"","overlay-type":"","overlay-color":"","overlay-opacity":"","overlay-gradient":""}},"ast-content-background-meta":{"desktop":{"background-color":"var(--ast-global-color-5)","background-image":"","background-repeat":"repeat","background-position":"center center","background-size":"auto","background-attachment":"scroll","background-type":"","background-media":"","overlay-type":"","overlay-color":"","overlay-opacity":"","overlay-gradient":""},"tablet":{"background-color":"var(--ast-global-color-5)","background-image":"","background-repeat":"repeat","background-position":"center center","background-size":"auto","background-attachment":"scroll","background-type":"","background-media":"","overlay-type":"","overlay-color":"","overlay-opacity":"","overlay-gradient":""},"mobile":{"background-color":"var(--ast-global-color-5)","background-image":"","background-repeat":"repeat","background-position":"center center","background-size":"auto","background-attachment":"scroll","background-type":"","background-media":"","overlay-type":"","overlay-color":"","overlay-opacity":"","overlay-gradient":""}},"footnotes":""},"class_list":["post-4124","page","type-page","status-publish","hentry"],"_links":{"self":[{"href":"https:\/\/energie.uhrig-group.com\/es\/wp-json\/wp\/v2\/pages\/4124","targetHints":{"allow":["GET"]}}],"collection":[{"href":"https:\/\/energie.uhrig-group.com\/es\/wp-json\/wp\/v2\/pages"}],"about":[{"href":"https:\/\/energie.uhrig-group.com\/es\/wp-json\/wp\/v2\/types\/page"}],"author":[{"embeddable":true,"href":"https:\/\/energie.uhrig-group.com\/es\/wp-json\/wp\/v2\/users\/1"}],"replies":[{"embeddable":true,"href":"https:\/\/energie.uhrig-group.com\/es\/wp-json\/wp\/v2\/comments?post=4124"}],"version-history":[{"count":19,"href":"https:\/\/energie.uhrig-group.com\/es\/wp-json\/wp\/v2\/pages\/4124\/revisions"}],"predecessor-version":[{"id":6122,"href":"https:\/\/energie.uhrig-group.com\/es\/wp-json\/wp\/v2\/pages\/4124\/revisions\/6122"}],"wp:attachment":[{"href":"https:\/\/energie.uhrig-group.com\/es\/wp-json\/wp\/v2\/media?parent=4124"}],"curies":[{"name":"wp","href":"https:\/\/api.w.org\/{rel}","templated":true}]}}