{"id":4127,"date":"2023-10-24T16:35:19","date_gmt":"2023-10-24T14:35:19","guid":{"rendered":"https:\/\/energie.uhrig-group.com\/mission\/"},"modified":"2026-03-10T09:03:28","modified_gmt":"2026-03-10T08:03:28","slug":"mission","status":"publish","type":"page","link":"https:\/\/energie.uhrig-group.com\/es\/mission\/","title":{"rendered":"Mission"},"content":{"rendered":"\t\t<div data-elementor-type=\"wp-page\" data-elementor-id=\"4127\" class=\"elementor elementor-4127 elementor-1667\" data-elementor-settings=\"{&quot;ha_cmc_init_switcher&quot;:&quot;no&quot;}\">\n\t\t\t\t<div class=\"elementor-element elementor-element-4f3a551b e-flex e-con-boxed e-con e-parent\" data-id=\"4f3a551b\" data-element_type=\"container\" data-e-type=\"container\" data-settings=\"{&quot;background_background&quot;:&quot;classic&quot;,&quot;_ha_eqh_enable&quot;:false}\">\n\t\t\t\t\t<div class=\"e-con-inner\">\n\t\t<div class=\"elementor-element elementor-element-14107515 e-con-full e-flex e-con e-child\" data-id=\"14107515\" data-element_type=\"container\" data-e-type=\"container\" data-settings=\"{&quot;_ha_eqh_enable&quot;:false}\">\n\t\t\t\t<div class=\"elementor-element elementor-element-568b0f37 elementor-widget elementor-widget-text-editor\" data-id=\"568b0f37\" data-element_type=\"widget\" data-e-type=\"widget\" data-widget_type=\"text-editor.default\">\n\t\t\t\t<div class=\"elementor-widget-container\">\n\t\t\t\t\t\t\t\t\t<p>UHRIG Energ\u00eda<\/p>\t\t\t\t\t\t\t\t<\/div>\n\t\t\t\t<\/div>\n\t\t\t\t<div class=\"elementor-element elementor-element-f6c7524 elementor-widget elementor-widget-heading\" data-id=\"f6c7524\" data-element_type=\"widget\" data-e-type=\"widget\" data-widget_type=\"heading.default\">\n\t\t\t\t<div class=\"elementor-widget-container\">\n\t\t\t\t\t<h1 class=\"elementor-heading-title elementor-size-default\">Nuestra misi\u00f3n<\/h1>\t\t\t\t<\/div>\n\t\t\t\t<\/div>\n\t\t\t\t<div class=\"elementor-element elementor-element-7149952 elementor-widget elementor-widget-text-editor\" data-id=\"7149952\" data-element_type=\"widget\" data-e-type=\"widget\" data-widget_type=\"text-editor.default\">\n\t\t\t\t<div class=\"elementor-widget-container\">\n\t\t\t\t\t\t\t\t\t<p>Queremos marcar la diferencia e impulsar la transici\u00f3n energ\u00e9tica. Nuestro objetivo es revolucionar el mercado de la calefacci\u00f3n con la generaci\u00f3n de energ\u00eda a partir de aguas residuales y contribuir realmente a la protecci\u00f3n del clima.<\/p>\t\t\t\t\t\t\t\t<\/div>\n\t\t\t\t<\/div>\n\t\t\t\t<div class=\"elementor-element elementor-element-7babc475 elementor-widget elementor-widget-button\" data-id=\"7babc475\" data-element_type=\"widget\" data-e-type=\"widget\" data-widget_type=\"button.default\">\n\t\t\t\t<div class=\"elementor-widget-container\">\n\t\t\t\t\t\t\t\t\t<div class=\"elementor-button-wrapper\">\n\t\t\t\t\t<a class=\"elementor-button elementor-button-link elementor-size-sm\" href=\"https:\/\/energie.uhrig-group.com\/es\/referencias\/\">\n\t\t\t\t\t\t<span class=\"elementor-button-content-wrapper\">\n\t\t\t\t\t\t\t\t\t<span class=\"elementor-button-text\">References<\/span>\n\t\t\t\t\t<\/span>\n\t\t\t\t\t<\/a>\n\t\t\t\t<\/div>\n\t\t\t\t\t\t\t\t<\/div>\n\t\t\t\t<\/div>\n\t\t\t\t<\/div>\n\t\t<div class=\"elementor-element elementor-element-64447eec e-con-full e-flex e-con e-child\" data-id=\"64447eec\" data-element_type=\"container\" data-e-type=\"container\" data-settings=\"{&quot;_ha_eqh_enable&quot;:false}\">\n\t\t\t\t<div class=\"elementor-element elementor-element-7a4c79e4 elementor-widget elementor-widget-image\" data-id=\"7a4c79e4\" data-element_type=\"widget\" data-e-type=\"widget\" data-widget_type=\"image.default\">\n\t\t\t\t<div class=\"elementor-widget-container\">\n\t\t\t\t\t\t\t\t\t\t\t\t\t\t\t<img fetchpriority=\"high\" decoding=\"async\" width=\"1024\" height=\"819\" src=\"https:\/\/energie.uhrig-group.com\/wp-content\/uploads\/sites\/3\/weltweit-aktiv-1024x819.png\" class=\"attachment-large size-large wp-image-2651\" alt=\"\" srcset=\"https:\/\/energie.uhrig-group.com\/wp-content\/uploads\/sites\/3\/weltweit-aktiv-1024x819.png 1024w, https:\/\/energie.uhrig-group.com\/wp-content\/uploads\/sites\/3\/weltweit-aktiv-300x240.png 300w, https:\/\/energie.uhrig-group.com\/wp-content\/uploads\/sites\/3\/weltweit-aktiv-768x614.png 768w, https:\/\/energie.uhrig-group.com\/wp-content\/uploads\/sites\/3\/weltweit-aktiv.png 1280w\" sizes=\"(max-width: 1024px) 100vw, 1024px\" \/>\t\t\t\t\t\t\t\t\t\t\t\t\t\t\t<\/div>\n\t\t\t\t<\/div>\n\t\t\t\t<\/div>\n\t\t\t\t\t<\/div>\n\t\t\t\t<\/div>\n\t\t<div class=\"elementor-element elementor-element-5fb1ff7 e-flex e-con-boxed e-con e-parent\" data-id=\"5fb1ff7\" data-element_type=\"container\" data-e-type=\"container\" data-settings=\"{&quot;_ha_eqh_enable&quot;:false}\">\n\t\t\t\t\t<div class=\"e-con-inner\">\n\t\t<div class=\"elementor-element elementor-element-7f20c327 e-con-full e-flex e-con e-child\" data-id=\"7f20c327\" data-element_type=\"container\" data-e-type=\"container\" data-settings=\"{&quot;_ha_eqh_enable&quot;:false}\">\n\t\t<div class=\"elementor-element elementor-element-4e5bc8cf e-con-full e-flex e-con e-child\" data-id=\"4e5bc8cf\" data-element_type=\"container\" data-e-type=\"container\" data-settings=\"{&quot;_ha_eqh_enable&quot;:false}\">\n\t\t<div class=\"elementor-element elementor-element-7bb17f7e e-con-full e-flex e-con e-child\" data-id=\"7bb17f7e\" data-element_type=\"container\" data-e-type=\"container\" data-settings=\"{&quot;background_background&quot;:&quot;classic&quot;,&quot;_ha_eqh_enable&quot;:false}\">\n\t\t\t\t<div class=\"elementor-element elementor-element-e8a443e elementor-widget elementor-widget-heading\" data-id=\"e8a443e\" data-element_type=\"widget\" data-e-type=\"widget\" data-widget_type=\"heading.default\">\n\t\t\t\t<div class=\"elementor-widget-container\">\n\t\t\t\t\t<h2 class=\"elementor-heading-title elementor-size-default\">Activamos la energ\u00eda no utilizada<\/h2>\t\t\t\t<\/div>\n\t\t\t\t<\/div>\n\t\t\t\t<div class=\"elementor-element elementor-element-c458c70 elementor-widget elementor-widget-text-editor\" data-id=\"c458c70\" data-element_type=\"widget\" data-e-type=\"widget\" data-widget_type=\"text-editor.default\">\n\t\t\t\t<div class=\"elementor-widget-container\">\n\t\t\t\t\t\t\t\t\t<div class=\"elementor-element elementor-element-6804d19d elementor-widget elementor-widget-text-editor\" data-id=\"6804d19d\" data-element_type=\"widget\" data-widget_type=\"text-editor.default\"><div class=\"elementor-widget-container\"><p>Las aguas residuales albergan un enorme potencial energ\u00e9tico que est\u00e1 constantemente disponible en grandes cantidades, pero que hasta ahora no se ha utilizado. Con nuestro sistema patentado Therm-Liner, hacemos aprovechable la energ\u00eda de las aguas residuales para la transici\u00f3n t\u00e9rmica.<\/p><\/div><\/div>\t\t\t\t\t\t\t\t<\/div>\n\t\t\t\t<\/div>\n\t\t\t\t<\/div>\n\t\t\t\t<div class=\"elementor-element elementor-element-0f3b217 elementor-widget elementor-widget-image\" data-id=\"0f3b217\" data-element_type=\"widget\" data-e-type=\"widget\" data-widget_type=\"image.default\">\n\t\t\t\t<div class=\"elementor-widget-container\">\n\t\t\t\t\t\t\t\t\t\t\t\t\t\t\t<img decoding=\"async\" width=\"1024\" height=\"819\" src=\"https:\/\/energie.uhrig-group.com\/wp-content\/uploads\/sites\/3\/energie-aus-abwasser-gewinnen-uhrig-bau-1024x819.jpg\" class=\"attachment-large size-large wp-image-4553\" alt=\"\" srcset=\"https:\/\/energie.uhrig-group.com\/wp-content\/uploads\/sites\/3\/energie-aus-abwasser-gewinnen-uhrig-bau-1024x819.jpg 1024w, https:\/\/energie.uhrig-group.com\/wp-content\/uploads\/sites\/3\/energie-aus-abwasser-gewinnen-uhrig-bau-300x240.jpg 300w, https:\/\/energie.uhrig-group.com\/wp-content\/uploads\/sites\/3\/energie-aus-abwasser-gewinnen-uhrig-bau-768x614.jpg 768w, https:\/\/energie.uhrig-group.com\/wp-content\/uploads\/sites\/3\/energie-aus-abwasser-gewinnen-uhrig-bau.jpg 1280w\" sizes=\"(max-width: 1024px) 100vw, 1024px\" \/>\t\t\t\t\t\t\t\t\t\t\t\t\t\t\t<\/div>\n\t\t\t\t<\/div>\n\t\t\t\t<\/div>\n\t\t\t\t<\/div>\n\t\t\t\t\t<\/div>\n\t\t\t\t<\/div>\n\t\t<div class=\"elementor-element elementor-element-53161e2 e-flex e-con-boxed e-con e-parent\" data-id=\"53161e2\" data-element_type=\"container\" data-e-type=\"container\" data-settings=\"{&quot;_ha_eqh_enable&quot;:false}\">\n\t\t\t\t\t<div class=\"e-con-inner\">\n\t\t<div class=\"elementor-element elementor-element-5a862c3 e-con-full e-flex e-con e-child\" data-id=\"5a862c3\" data-element_type=\"container\" data-e-type=\"container\" data-settings=\"{&quot;_ha_eqh_enable&quot;:false}\">\n\t\t<div class=\"elementor-element elementor-element-4a9b888 e-con-full e-flex e-con e-child\" data-id=\"4a9b888\" data-element_type=\"container\" data-e-type=\"container\" data-settings=\"{&quot;_ha_eqh_enable&quot;:false}\">\n\t\t<div class=\"elementor-element elementor-element-ff79c3d e-con-full e-flex e-con e-child\" data-id=\"ff79c3d\" data-element_type=\"container\" data-e-type=\"container\" data-settings=\"{&quot;background_background&quot;:&quot;classic&quot;,&quot;_ha_eqh_enable&quot;:false}\">\n\t\t\t\t<div class=\"elementor-element elementor-element-187f9d5 elementor-widget elementor-widget-heading\" data-id=\"187f9d5\" data-element_type=\"widget\" data-e-type=\"widget\" data-widget_type=\"heading.default\">\n\t\t\t\t<div class=\"elementor-widget-container\">\n\t\t\t\t\t<h2 class=\"elementor-heading-title elementor-size-default\">Hacemos asequible la energ\u00eda<\/h2>\t\t\t\t<\/div>\n\t\t\t\t<\/div>\n\t\t\t\t<div class=\"elementor-element elementor-element-76f0fd2 elementor-widget elementor-widget-text-editor\" data-id=\"76f0fd2\" data-element_type=\"widget\" data-e-type=\"widget\" data-widget_type=\"text-editor.default\">\n\t\t\t\t<div class=\"elementor-widget-container\">\n\t\t\t\t\t\t\t\t\t<p>La energ\u00eda procedente de aguas residuales ya es competitiva y est\u00e1 reconocida como fuente de energ\u00eda renovable en Alemania y en toda la UE. Ya hemos ejecutado con \u00e9xito m\u00e1s de 140+ proyectos de aprovechamiento t\u00e9rmico de aguas residuales en toda Europa.<\/p>\t\t\t\t\t\t\t\t<\/div>\n\t\t\t\t<\/div>\n\t\t\t\t<\/div>\n\t\t\t\t<div class=\"elementor-element elementor-element-02e15cd elementor-widget elementor-widget-image\" data-id=\"02e15cd\" data-element_type=\"widget\" data-e-type=\"widget\" data-widget_type=\"image.default\">\n\t\t\t\t<div class=\"elementor-widget-container\">\n\t\t\t\t\t\t\t\t\t\t\t\t\t\t\t<img decoding=\"async\" width=\"1024\" height=\"819\" src=\"https:\/\/energie.uhrig-group.com\/wp-content\/uploads\/sites\/3\/kosten-ihres-projekts-1024x819.jpg\" class=\"attachment-large size-large wp-image-4554\" alt=\"\" srcset=\"https:\/\/energie.uhrig-group.com\/wp-content\/uploads\/sites\/3\/kosten-ihres-projekts-1024x819.jpg 1024w, https:\/\/energie.uhrig-group.com\/wp-content\/uploads\/sites\/3\/kosten-ihres-projekts-300x240.jpg 300w, https:\/\/energie.uhrig-group.com\/wp-content\/uploads\/sites\/3\/kosten-ihres-projekts-768x614.jpg 768w, https:\/\/energie.uhrig-group.com\/wp-content\/uploads\/sites\/3\/kosten-ihres-projekts.jpg 1280w\" sizes=\"(max-width: 1024px) 100vw, 1024px\" \/>\t\t\t\t\t\t\t\t\t\t\t\t\t\t\t<\/div>\n\t\t\t\t<\/div>\n\t\t\t\t<\/div>\n\t\t\t\t<\/div>\n\t\t\t\t\t<\/div>\n\t\t\t\t<\/div>\n\t\t<div class=\"elementor-element elementor-element-bd602ab e-flex e-con-boxed e-con e-parent\" data-id=\"bd602ab\" data-element_type=\"container\" data-e-type=\"container\" data-settings=\"{&quot;_ha_eqh_enable&quot;:false}\">\n\t\t\t\t\t<div class=\"e-con-inner\">\n\t\t<div class=\"elementor-element elementor-element-ec0f40b e-con-full e-flex e-con e-child\" data-id=\"ec0f40b\" data-element_type=\"container\" data-e-type=\"container\" data-settings=\"{&quot;_ha_eqh_enable&quot;:false}\">\n\t\t<div class=\"elementor-element elementor-element-26761ce e-con-full e-flex e-con e-child\" data-id=\"26761ce\" data-element_type=\"container\" data-e-type=\"container\" data-settings=\"{&quot;_ha_eqh_enable&quot;:false}\">\n\t\t<div class=\"elementor-element elementor-element-0e51718 e-con-full e-flex e-con e-child\" data-id=\"0e51718\" data-element_type=\"container\" data-e-type=\"container\" data-settings=\"{&quot;background_background&quot;:&quot;classic&quot;,&quot;_ha_eqh_enable&quot;:false}\">\n\t\t\t\t<div class=\"elementor-element elementor-element-03f05c5 elementor-widget elementor-widget-heading\" data-id=\"03f05c5\" data-element_type=\"widget\" data-e-type=\"widget\" data-widget_type=\"heading.default\">\n\t\t\t\t<div class=\"elementor-widget-container\">\n\t\t\t\t\t<h2 class=\"elementor-heading-title elementor-size-default\"> Todo viene de una sola fuente<\/h2>\t\t\t\t<\/div>\n\t\t\t\t<\/div>\n\t\t\t\t<div class=\"elementor-element elementor-element-5e29cea elementor-widget elementor-widget-text-editor\" data-id=\"5e29cea\" data-element_type=\"widget\" data-e-type=\"widget\" data-widget_type=\"text-editor.default\">\n\t\t\t\t<div class=\"elementor-widget-container\">\n\t\t\t\t\t\t\t\t\t<p>Planificaci\u00f3n, construcci\u00f3n, instalaci\u00f3n y puesta en marcha. Con nosotros, obtendr\u00e1 el desarrollo de las aguas residuales como fuente de energ\u00eda de una sola mano. Si lo desea, tambi\u00e9n podemos financiar nuestros sistemas de intercambiadores de calor y explotarlos en r\u00e9gimen de contrataci\u00f3n para nuestros clientes.<\/p>\t\t\t\t\t\t\t\t<\/div>\n\t\t\t\t<\/div>\n\t\t\t\t<\/div>\n\t\t\t\t<div class=\"elementor-element elementor-element-8b9287a elementor-widget elementor-widget-image\" data-id=\"8b9287a\" data-element_type=\"widget\" data-e-type=\"widget\" data-widget_type=\"image.default\">\n\t\t\t\t<div class=\"elementor-widget-container\">\n\t\t\t\t\t\t\t\t\t\t\t\t\t\t\t<img loading=\"lazy\" decoding=\"async\" width=\"1024\" height=\"819\" src=\"https:\/\/energie.uhrig-group.com\/wp-content\/uploads\/sites\/3\/therm-liner-modul-1024x819.jpg\" class=\"attachment-large size-large wp-image-4552\" alt=\"\" srcset=\"https:\/\/energie.uhrig-group.com\/wp-content\/uploads\/sites\/3\/therm-liner-modul-1024x819.jpg 1024w, https:\/\/energie.uhrig-group.com\/wp-content\/uploads\/sites\/3\/therm-liner-modul-300x240.jpg 300w, https:\/\/energie.uhrig-group.com\/wp-content\/uploads\/sites\/3\/therm-liner-modul-768x614.jpg 768w, https:\/\/energie.uhrig-group.com\/wp-content\/uploads\/sites\/3\/therm-liner-modul.jpg 1280w\" sizes=\"(max-width: 1024px) 100vw, 1024px\" \/>\t\t\t\t\t\t\t\t\t\t\t\t\t\t\t<\/div>\n\t\t\t\t<\/div>\n\t\t\t\t<\/div>\n\t\t\t\t<\/div>\n\t\t\t\t\t<\/div>\n\t\t\t\t<\/div>\n\t\t<div class=\"elementor-element elementor-element-6fbc1110 e-flex e-con-boxed e-con e-parent\" data-id=\"6fbc1110\" data-element_type=\"container\" data-e-type=\"container\" data-settings=\"{&quot;background_background&quot;:&quot;classic&quot;,&quot;_ha_eqh_enable&quot;:false}\">\n\t\t\t\t\t<div class=\"e-con-inner\">\n\t\t<div class=\"elementor-element elementor-element-1153fd07 e-con-full e-flex e-con e-child\" data-id=\"1153fd07\" data-element_type=\"container\" data-e-type=\"container\" data-settings=\"{&quot;_ha_eqh_enable&quot;:false}\">\n\t\t<div class=\"elementor-element elementor-element-5971ba6b e-con-full e-flex e-con e-child\" data-id=\"5971ba6b\" data-element_type=\"container\" data-e-type=\"container\" data-settings=\"{&quot;_ha_eqh_enable&quot;:false}\">\n\t\t\t\t<div class=\"elementor-element elementor-element-69a622ad elementor-widget elementor-widget-image\" data-id=\"69a622ad\" data-element_type=\"widget\" data-e-type=\"widget\" data-widget_type=\"image.default\">\n\t\t\t\t<div class=\"elementor-widget-container\">\n\t\t\t\t\t\t\t\t\t\t\t\t\t\t\t<img loading=\"lazy\" decoding=\"async\" width=\"1280\" height=\"1024\" src=\"https:\/\/energie.uhrig-group.com\/wp-content\/uploads\/sites\/3\/team.jpg\" class=\"attachment-full size-full wp-image-4551\" alt=\"\" srcset=\"https:\/\/energie.uhrig-group.com\/wp-content\/uploads\/sites\/3\/team.jpg 1280w, https:\/\/energie.uhrig-group.com\/wp-content\/uploads\/sites\/3\/team-300x240.jpg 300w, https:\/\/energie.uhrig-group.com\/wp-content\/uploads\/sites\/3\/team-1024x819.jpg 1024w, https:\/\/energie.uhrig-group.com\/wp-content\/uploads\/sites\/3\/team-768x614.jpg 768w\" sizes=\"(max-width: 1280px) 100vw, 1280px\" \/>\t\t\t\t\t\t\t\t\t\t\t\t\t\t\t<\/div>\n\t\t\t\t<\/div>\n\t\t<div class=\"elementor-element elementor-element-6ae4f8b2 e-con-full e-flex e-con e-child\" data-id=\"6ae4f8b2\" data-element_type=\"container\" data-e-type=\"container\" data-settings=\"{&quot;_ha_eqh_enable&quot;:false}\">\n\t\t\t\t<div class=\"elementor-element elementor-element-d0afb95 elementor-widget elementor-widget-heading\" data-id=\"d0afb95\" data-element_type=\"widget\" data-e-type=\"widget\" data-widget_type=\"heading.default\">\n\t\t\t\t<div class=\"elementor-widget-container\">\n\t\t\t\t\t<h2 class=\"elementor-heading-title elementor-size-default\">Nuestro equipo<\/h2>\t\t\t\t<\/div>\n\t\t\t\t<\/div>\n\t\t\t\t<div class=\"elementor-element elementor-element-4ab13a22 elementor-widget elementor-widget-text-editor\" data-id=\"4ab13a22\" data-element_type=\"widget\" data-e-type=\"widget\" data-widget_type=\"text-editor.default\">\n\t\t\t\t<div class=\"elementor-widget-container\">\n\t\t\t\t\t\t\t\t\t<div class=\"elementor-element elementor-element-2a48722f elementor-widget elementor-widget-text-editor\" data-id=\"2a48722f\" data-element_type=\"widget\" data-widget_type=\"text-editor.default\"><div class=\"elementor-widget-container\"><p>Nuestro equipo de energ\u00eda est\u00e1 formado actualmente por unos 20 empleados. Siempre estamos buscando refuerzos. P\u00f3ngase en contacto con nosotros si desea unirse para marcar la diferencia.<\/p><\/div><\/div>\t\t\t\t\t\t\t\t<\/div>\n\t\t\t\t<\/div>\n\t\t\t\t<div class=\"elementor-element elementor-element-2648d4c6 elementor-widget elementor-widget-text-editor\" data-id=\"2648d4c6\" data-element_type=\"widget\" data-e-type=\"widget\" data-widget_type=\"text-editor.default\">\n\t\t\t\t<div class=\"elementor-widget-container\">\n\t\t\t\t\t\t\t\t\t<p>Los miembros de nuestro equipo trabajan en nuestra sede de Geisingen o, en algunos casos, est\u00e1n repartidos por toda Alemania de forma descentralizada. Adem\u00e1s de nuestra sede en el lago Constanza, tambi\u00e9n tenemos una oficina en Krefeld, Renania del Norte-Westfalia.<\/p>\t\t\t\t\t\t\t\t<\/div>\n\t\t\t\t<\/div>\n\t\t\t\t<div class=\"elementor-element elementor-element-4f0c56cf elementor-widget elementor-widget-button\" data-id=\"4f0c56cf\" data-element_type=\"widget\" data-e-type=\"widget\" data-widget_type=\"button.default\">\n\t\t\t\t<div class=\"elementor-widget-container\">\n\t\t\t\t\t\t\t\t\t<div class=\"elementor-button-wrapper\">\n\t\t\t\t\t<a class=\"elementor-button elementor-button-link elementor-size-sm\" href=\"https:\/\/energie.uhrig-group.com\/es\/equipo\/\">\n\t\t\t\t\t\t<span class=\"elementor-button-content-wrapper\">\n\t\t\t\t\t\t\t\t\t<span class=\"elementor-button-text\">Equipo<\/span>\n\t\t\t\t\t<\/span>\n\t\t\t\t\t<\/a>\n\t\t\t\t<\/div>\n\t\t\t\t\t\t\t\t<\/div>\n\t\t\t\t<\/div>\n\t\t\t\t<\/div>\n\t\t\t\t<\/div>\n\t\t\t\t<\/div>\n\t\t\t\t\t<\/div>\n\t\t\t\t<\/div>\n\t\t\t\t<\/div>\n\t\t","protected":false},"excerpt":{"rendered":"<p>UHRIG Energ\u00eda Nuestra misi\u00f3n Queremos marcar la diferencia e impulsar la transici\u00f3n energ\u00e9tica. Nuestro objetivo es revolucionar el mercado de la calefacci\u00f3n con la generaci\u00f3n de energ\u00eda a partir de [&#8230;]<\/p>\n","protected":false},"author":1,"featured_media":0,"parent":0,"menu_order":0,"comment_status":"closed","ping_status":"closed","template":"","meta":{"site-sidebar-layout":"no-sidebar","site-content-layout":"page-builder","ast-site-content-layout":"full-width-container","site-content-style":"default","site-sidebar-style":"default","ast-global-header-display":"","ast-banner-title-visibility":"","ast-main-header-display":"","ast-hfb-above-header-display":"","ast-hfb-below-header-display":"","ast-hfb-mobile-header-display":"","site-post-title":"disabled","ast-breadcrumbs-content":"","ast-featured-img":"disabled","footer-sml-layout":"","ast-disable-related-posts":"","theme-transparent-header-meta":"","adv-header-id-meta":"","stick-header-meta":"","header-above-stick-meta":"","header-main-stick-meta":"","header-below-stick-meta":"","astra-migrate-meta-layouts":"default","ast-page-background-enabled":"default","ast-page-background-meta":{"desktop":{"background-color":"var(--ast-global-color-4)","background-image":"","background-repeat":"repeat","background-position":"center center","background-size":"auto","background-attachment":"scroll","background-type":"","background-media":"","overlay-type":"","overlay-color":"","overlay-opacity":"","overlay-gradient":""},"tablet":{"background-color":"","background-image":"","background-repeat":"repeat","background-position":"center center","background-size":"auto","background-attachment":"scroll","background-type":"","background-media":"","overlay-type":"","overlay-color":"","overlay-opacity":"","overlay-gradient":""},"mobile":{"background-color":"","background-image":"","background-repeat":"repeat","background-position":"center center","background-size":"auto","background-attachment":"scroll","background-type":"","background-media":"","overlay-type":"","overlay-color":"","overlay-opacity":"","overlay-gradient":""}},"ast-content-background-meta":{"desktop":{"background-color":"var(--ast-global-color-5)","background-image":"","background-repeat":"repeat","background-position":"center center","background-size":"auto","background-attachment":"scroll","background-type":"","background-media":"","overlay-type":"","overlay-color":"","overlay-opacity":"","overlay-gradient":""},"tablet":{"background-color":"var(--ast-global-color-5)","background-image":"","background-repeat":"repeat","background-position":"center center","background-size":"auto","background-attachment":"scroll","background-type":"","background-media":"","overlay-type":"","overlay-color":"","overlay-opacity":"","overlay-gradient":""},"mobile":{"background-color":"var(--ast-global-color-5)","background-image":"","background-repeat":"repeat","background-position":"center center","background-size":"auto","background-attachment":"scroll","background-type":"","background-media":"","overlay-type":"","overlay-color":"","overlay-opacity":"","overlay-gradient":""}},"footnotes":""},"class_list":["post-4127","page","type-page","status-publish","hentry"],"_links":{"self":[{"href":"https:\/\/energie.uhrig-group.com\/es\/wp-json\/wp\/v2\/pages\/4127","targetHints":{"allow":["GET"]}}],"collection":[{"href":"https:\/\/energie.uhrig-group.com\/es\/wp-json\/wp\/v2\/pages"}],"about":[{"href":"https:\/\/energie.uhrig-group.com\/es\/wp-json\/wp\/v2\/types\/page"}],"author":[{"embeddable":true,"href":"https:\/\/energie.uhrig-group.com\/es\/wp-json\/wp\/v2\/users\/1"}],"replies":[{"embeddable":true,"href":"https:\/\/energie.uhrig-group.com\/es\/wp-json\/wp\/v2\/comments?post=4127"}],"version-history":[{"count":43,"href":"https:\/\/energie.uhrig-group.com\/es\/wp-json\/wp\/v2\/pages\/4127\/revisions"}],"predecessor-version":[{"id":6846,"href":"https:\/\/energie.uhrig-group.com\/es\/wp-json\/wp\/v2\/pages\/4127\/revisions\/6846"}],"wp:attachment":[{"href":"https:\/\/energie.uhrig-group.com\/es\/wp-json\/wp\/v2\/media?parent=4127"}],"curies":[{"name":"wp","href":"https:\/\/api.w.org\/{rel}","templated":true}]}}