{"id":4129,"date":"2023-10-14T10:58:14","date_gmt":"2023-10-14T08:58:14","guid":{"rendered":"https:\/\/energie.uhrig-group.com\/jobs\/"},"modified":"2025-03-12T10:17:13","modified_gmt":"2025-03-12T09:17:13","slug":"jobs","status":"publish","type":"page","link":"https:\/\/energie.uhrig-group.com\/fr\/jobs\/","title":{"rendered":"Jobs"},"content":{"rendered":"\t\t<div data-elementor-type=\"wp-page\" data-elementor-id=\"4129\" class=\"elementor elementor-4129 elementor-1346\" data-elementor-settings=\"{&quot;ha_cmc_init_switcher&quot;:&quot;no&quot;}\">\n\t\t\t\t<div class=\"elementor-element elementor-element-67ec1bfa e-flex e-con-boxed e-con e-parent\" data-id=\"67ec1bfa\" data-element_type=\"container\" data-e-type=\"container\" data-settings=\"{&quot;background_background&quot;:&quot;classic&quot;,&quot;_ha_eqh_enable&quot;:false}\">\n\t\t\t\t\t<div class=\"e-con-inner\">\n\t\t<div class=\"elementor-element elementor-element-491cdc06 e-con-full e-flex e-con e-child\" data-id=\"491cdc06\" data-element_type=\"container\" data-e-type=\"container\" data-settings=\"{&quot;_ha_eqh_enable&quot;:false}\">\n\t\t\t\t<div class=\"elementor-element elementor-element-6d771a9 elementor-widget elementor-widget-text-editor\" data-id=\"6d771a9\" data-element_type=\"widget\" data-e-type=\"widget\" data-widget_type=\"text-editor.default\">\n\t\t\t\t<div class=\"elementor-widget-container\">\n\t\t\t\t\t\t\t\t\t<p><span class=\"TextRun SCXW116901171 BCX8\" lang=\"DE-DE\" xml:lang=\"DE-DE\" data-contrast=\"auto\"><span class=\"NormalTextRun SCXW116901171 BCX8\">UHRIG comme <\/span><span class=\"NormalTextRun SpellingErrorV2Themed SCXW116901171 BCX8\">employeur<\/span><\/span><span class=\"EOP SCXW116901171 BCX8\" data-ccp-props=\"{}\">\u00a0<\/span><\/p>\t\t\t\t\t\t\t\t<\/div>\n\t\t\t\t<\/div>\n\t\t\t\t<div class=\"elementor-element elementor-element-2cae56f0 elementor-widget elementor-widget-heading\" data-id=\"2cae56f0\" data-element_type=\"widget\" data-e-type=\"widget\" data-widget_type=\"heading.default\">\n\t\t\t\t<div class=\"elementor-widget-container\">\n\t\t\t\t\t<h1 class=\"elementor-heading-title elementor-size-default\">Carri\u00e8res<\/h1>\t\t\t\t<\/div>\n\t\t\t\t<\/div>\n\t\t\t\t<div class=\"elementor-element elementor-element-658e110 elementor-widget elementor-widget-text-editor\" data-id=\"658e110\" data-element_type=\"widget\" data-e-type=\"widget\" data-widget_type=\"text-editor.default\">\n\t\t\t\t<div class=\"elementor-widget-container\">\n\t\t\t\t\t\t\t\t\t<div class=\"elementor-element elementor-element-2c93976 elementor-widget elementor-widget-text-editor\" data-id=\"2c93976\" data-element_type=\"widget\" data-widget_type=\"text-editor.default\"><div class=\"elementor-widget-container\"><p><span class=\"TextRun SCXW60544748 BCX8\" lang=\"FR-FR\" xml:lang=\"FR-FR\" data-contrast=\"auto\"><span class=\"NormalTextRun SCXW60544748 BCX8\">Nous sommes toujours \u00e0 la recherche de renforts. Nous voulons faire la diff\u00e9rence et recherchons des personnes qui <\/span><span class=\"NormalTextRun SCXW60544748 BCX8\">souhaitent<\/span><span class=\"NormalTextRun SCXW60544748 BCX8\">, \u00e0 nos c\u00f4t\u00e9s,<\/span> <span class=\"NormalTextRun SCXW60544748 BCX8\">apporter une contribution particuli\u00e8re \u00e0 la protection de l&rsquo;environnement et du climat<\/span><\/span><span class=\"EOP SCXW60544748 BCX8\" data-ccp-props=\"{}\">\u00a0<\/span><\/p><\/div><\/div>\t\t\t\t\t\t\t\t<\/div>\n\t\t\t\t<\/div>\n\t\t\t\t<div class=\"elementor-element elementor-element-4dfb4f41 elementor-widget elementor-widget-text-editor\" data-id=\"4dfb4f41\" data-element_type=\"widget\" data-e-type=\"widget\" data-widget_type=\"text-editor.default\">\n\t\t\t\t<div class=\"elementor-widget-container\">\n\t\t\t\t\t\t\t\t\t<p><span class=\"TextRun SCXW264894782 BCX8\" lang=\"FR-FR\" xml:lang=\"FR-FR\" data-contrast=\"auto\"><span class=\"NormalTextRun SCXW264894782 BCX8\">Nous misons sur l&rsquo;esprit d&rsquo;\u00e9quipe, le respect mutuel et de r\u00e9elles possibilit\u00e9s de participation pour l&rsquo;ensemble de nos collaborateurs<\/span><span class=\"NormalTextRun SCXW264894782 BCX8\"> et collaboratrices<\/span><span class=\"NormalTextRun SCXW264894782 BCX8\">.<\/span><\/span><span class=\"EOP SCXW264894782 BCX8\" data-ccp-props=\"{}\">\u00a0<\/span><\/p>\t\t\t\t\t\t\t\t<\/div>\n\t\t\t\t<\/div>\n\t\t\t\t<div class=\"elementor-element elementor-element-13a10eb elementor-widget elementor-widget-text-editor\" data-id=\"13a10eb\" data-element_type=\"widget\" data-e-type=\"widget\" data-widget_type=\"text-editor.default\">\n\t\t\t\t<div class=\"elementor-widget-container\">\n\t\t\t\t\t\t\t\t\t<p><span class=\"TextRun SCXW255242756 BCX8\" lang=\"FR-FR\" xml:lang=\"FR-FR\" data-contrast=\"auto\"><span class=\"NormalTextRun SCXW255242756 BCX8\">Nous nous r\u00e9jouissons \u00e9galement de recevoir des candidatures spontan\u00e9es ainsi que des demandes de changement d&rsquo;orientation professionnelle.<\/span><\/span><\/p>\t\t\t\t\t\t\t\t<\/div>\n\t\t\t\t<\/div>\n\t\t\t\t<div class=\"elementor-element elementor-element-814a37f elementor-widget elementor-widget-button\" data-id=\"814a37f\" data-element_type=\"widget\" data-e-type=\"widget\" data-widget_type=\"button.default\">\n\t\t\t\t<div class=\"elementor-widget-container\">\n\t\t\t\t\t\t\t\t\t<div class=\"elementor-button-wrapper\">\n\t\t\t\t\t<a class=\"elementor-button elementor-button-link elementor-size-sm\" href=\"https:\/\/uhrig-group.com\/en\/jobs\/\">\n\t\t\t\t\t\t<span class=\"elementor-button-content-wrapper\">\n\t\t\t\t\t\t\t\t\t<span class=\"elementor-button-text\">Tous les emplois - Groupe UHRIG <\/span>\n\t\t\t\t\t<\/span>\n\t\t\t\t\t<\/a>\n\t\t\t\t<\/div>\n\t\t\t\t\t\t\t\t<\/div>\n\t\t\t\t<\/div>\n\t\t\t\t<\/div>\n\t\t<div class=\"elementor-element elementor-element-44f5dd8d e-con-full e-flex e-con e-child\" data-id=\"44f5dd8d\" data-element_type=\"container\" data-e-type=\"container\" data-settings=\"{&quot;_ha_eqh_enable&quot;:false}\">\n\t\t\t\t<div class=\"elementor-element elementor-element-e9eb138 elementor-widget elementor-widget-image\" data-id=\"e9eb138\" data-element_type=\"widget\" data-e-type=\"widget\" data-widget_type=\"image.default\">\n\t\t\t\t<div class=\"elementor-widget-container\">\n\t\t\t\t\t\t\t\t\t\t\t\t\t\t\t<img fetchpriority=\"high\" decoding=\"async\" width=\"1024\" height=\"819\" src=\"https:\/\/energie.uhrig-group.com\/wp-content\/uploads\/sites\/3\/jobs-bei-uhrig-1024x819.jpg\" class=\"attachment-large size-large wp-image-4130\" alt=\"\" srcset=\"https:\/\/energie.uhrig-group.com\/wp-content\/uploads\/sites\/3\/jobs-bei-uhrig-1024x819.jpg 1024w, https:\/\/energie.uhrig-group.com\/wp-content\/uploads\/sites\/3\/jobs-bei-uhrig-300x240.jpg 300w, https:\/\/energie.uhrig-group.com\/wp-content\/uploads\/sites\/3\/jobs-bei-uhrig-768x614.jpg 768w, https:\/\/energie.uhrig-group.com\/wp-content\/uploads\/sites\/3\/jobs-bei-uhrig.jpg 1280w\" sizes=\"(max-width: 1024px) 100vw, 1024px\" \/>\t\t\t\t\t\t\t\t\t\t\t\t\t\t\t<\/div>\n\t\t\t\t<\/div>\n\t\t\t\t<\/div>\n\t\t\t\t\t<\/div>\n\t\t\t\t<\/div>\n\t\t<div class=\"elementor-element elementor-element-fa21550 e-flex e-con-boxed e-con e-parent\" data-id=\"fa21550\" data-element_type=\"container\" data-e-type=\"container\" data-settings=\"{&quot;_ha_eqh_enable&quot;:false}\">\n\t\t\t\t\t<div class=\"e-con-inner\">\n\t\t<div class=\"elementor-element elementor-element-767e013 e-con-full e-flex e-con e-child\" data-id=\"767e013\" data-element_type=\"container\" data-e-type=\"container\" data-settings=\"{&quot;_ha_eqh_enable&quot;:false}\">\n\t\t\t\t<div class=\"elementor-element elementor-element-d3a1ba0 elementor-view-default elementor-widget elementor-widget-icon\" data-id=\"d3a1ba0\" data-element_type=\"widget\" data-e-type=\"widget\" data-widget_type=\"icon.default\">\n\t\t\t\t<div class=\"elementor-widget-container\">\n\t\t\t\t\t\t\t<div class=\"elementor-icon-wrapper\">\n\t\t\t<div class=\"elementor-icon\">\n\t\t\t<i aria-hidden=\"true\" class=\"hm hm-worker-cap\"><\/i>\t\t\t<\/div>\n\t\t<\/div>\n\t\t\t\t\t\t<\/div>\n\t\t\t\t<\/div>\n\t\t\t\t<div class=\"elementor-element elementor-element-8cddb89 elementor-widget elementor-widget-heading\" data-id=\"8cddb89\" data-element_type=\"widget\" data-e-type=\"widget\" data-widget_type=\"heading.default\">\n\t\t\t\t<div class=\"elementor-widget-container\">\n\t\t\t\t\t<h2 class=\"elementor-heading-title elementor-size-default\">Une cohabitation respectueuse <\/h2>\t\t\t\t<\/div>\n\t\t\t\t<\/div>\n\t\t\t\t<div class=\"elementor-element elementor-element-868ca7e elementor-widget elementor-widget-text-editor\" data-id=\"868ca7e\" data-element_type=\"widget\" data-e-type=\"widget\" data-widget_type=\"text-editor.default\">\n\t\t\t\t<div class=\"elementor-widget-container\">\n\t\t\t\t\t\t\t\t\t<p><span class=\"TextRun SCXW30989437 BCX8\" lang=\"FR-FR\" xml:lang=\"FR-FR\" data-contrast=\"auto\"><span class=\"NormalTextRun SCXW30989437 BCX8\">Nos collaborateurs sont notre plus grand capital et notre principal facteur de r\u00e9ussite. Une collaboration respectueuse et valorisante est la base m\u00eame de notre action entrepreneuriale, hier, aujourd&rsquo;hui et demain.<\/span><\/span><span class=\"EOP SCXW30989437 BCX8\" data-ccp-props=\"{}\">\u00a0<\/span><\/p>\t\t\t\t\t\t\t\t<\/div>\n\t\t\t\t<\/div>\n\t\t\t\t<\/div>\n\t\t<div class=\"elementor-element elementor-element-9e2dcdf e-con-full e-flex e-con e-child\" data-id=\"9e2dcdf\" data-element_type=\"container\" data-e-type=\"container\" data-settings=\"{&quot;_ha_eqh_enable&quot;:false}\">\n\t\t\t\t<div class=\"elementor-element elementor-element-853e12a elementor-view-default elementor-widget elementor-widget-icon\" data-id=\"853e12a\" data-element_type=\"widget\" data-e-type=\"widget\" data-widget_type=\"icon.default\">\n\t\t\t\t<div class=\"elementor-widget-container\">\n\t\t\t\t\t\t\t<div class=\"elementor-icon-wrapper\">\n\t\t\t<div class=\"elementor-icon\">\n\t\t\t<i aria-hidden=\"true\" class=\"hm hm-team-member\"><\/i>\t\t\t<\/div>\n\t\t<\/div>\n\t\t\t\t\t\t<\/div>\n\t\t\t\t<\/div>\n\t\t\t\t<div class=\"elementor-element elementor-element-993369e elementor-widget elementor-widget-heading\" data-id=\"993369e\" data-element_type=\"widget\" data-e-type=\"widget\" data-widget_type=\"heading.default\">\n\t\t\t\t<div class=\"elementor-widget-container\">\n\t\t\t\t\t<h2 class=\"elementor-heading-title elementor-size-default\">Comp\u00e9tence technique <\/h2>\t\t\t\t<\/div>\n\t\t\t\t<\/div>\n\t\t\t\t<div class=\"elementor-element elementor-element-a795511 elementor-widget elementor-widget-text-editor\" data-id=\"a795511\" data-element_type=\"widget\" data-e-type=\"widget\" data-widget_type=\"text-editor.default\">\n\t\t\t\t<div class=\"elementor-widget-container\">\n\t\t\t\t\t\t\t\t\t<p><span class=\"TextRun SCXW155879107 BCX8\" lang=\"FR-FR\" xml:lang=\"FR-FR\" data-contrast=\"auto\"><span class=\"NormalTextRun SCXW155879107 BCX8\">Notre succ\u00e8s repose sur l&rsquo;envie de nos collaborateurs et collaboratrices d&rsquo;aller toujours plus loin et sur notre ambition permanente de nous d\u00e9velopper ensemble. Cette posture est le moteur, la motivation et la recette du succ\u00e8s.<\/span><\/span><\/p>\t\t\t\t\t\t\t\t<\/div>\n\t\t\t\t<\/div>\n\t\t\t\t<\/div>\n\t\t<div class=\"elementor-element elementor-element-c259d7b e-con-full e-flex e-con e-child\" data-id=\"c259d7b\" data-element_type=\"container\" data-e-type=\"container\" data-settings=\"{&quot;_ha_eqh_enable&quot;:false}\">\n\t\t\t\t<div class=\"elementor-element elementor-element-52f29ba elementor-view-default elementor-widget elementor-widget-icon\" data-id=\"52f29ba\" data-element_type=\"widget\" data-e-type=\"widget\" data-widget_type=\"icon.default\">\n\t\t\t\t<div class=\"elementor-widget-container\">\n\t\t\t\t\t\t\t<div class=\"elementor-icon-wrapper\">\n\t\t\t<div class=\"elementor-icon\">\n\t\t\t<i aria-hidden=\"true\" class=\"hm hm-love\"><\/i>\t\t\t<\/div>\n\t\t<\/div>\n\t\t\t\t\t\t<\/div>\n\t\t\t\t<\/div>\n\t\t\t\t<div class=\"elementor-element elementor-element-0d0bdc0 elementor-widget elementor-widget-heading\" data-id=\"0d0bdc0\" data-element_type=\"widget\" data-e-type=\"widget\" data-widget_type=\"heading.default\">\n\t\t\t\t<div class=\"elementor-widget-container\">\n\t\t\t\t\t<h2 class=\"elementor-heading-title elementor-size-default\">Engagement social <\/h2>\t\t\t\t<\/div>\n\t\t\t\t<\/div>\n\t\t\t\t<div class=\"elementor-element elementor-element-c43c161 elementor-widget elementor-widget-text-editor\" data-id=\"c43c161\" data-element_type=\"widget\" data-e-type=\"widget\" data-widget_type=\"text-editor.default\">\n\t\t\t\t<div class=\"elementor-widget-container\">\n\t\t\t\t\t\t\t\t\t<p><span class=\"TextRun SCXW170611350 BCX8\" lang=\"FR-FR\" xml:lang=\"FR-FR\" data-contrast=\"auto\"><span class=\"NormalTextRun SCXW170611350 BCX8\">En tant qu&rsquo;entreprise ancr\u00e9e dans la r\u00e9gion, nous nous engageons localement, tout en estimant avoir une responsabilit\u00e9 globale. Nous sommes donc actifs sur les deux plans, m\u00eame en dehors de notre activit\u00e9 principale.<\/span><\/span><span class=\"EOP SCXW170611350 BCX8\" data-ccp-props=\"{}\">\u00a0<\/span><\/p>\t\t\t\t\t\t\t\t<\/div>\n\t\t\t\t<\/div>\n\t\t\t\t<\/div>\n\t\t<div class=\"elementor-element elementor-element-fea0ee2 e-con-full e-flex e-con e-child\" data-id=\"fea0ee2\" data-element_type=\"container\" data-e-type=\"container\" data-settings=\"{&quot;_ha_eqh_enable&quot;:false}\">\n\t\t\t\t<div class=\"elementor-element elementor-element-56a28b7 elementor-view-default elementor-widget elementor-widget-icon\" data-id=\"56a28b7\" data-element_type=\"widget\" data-e-type=\"widget\" data-widget_type=\"icon.default\">\n\t\t\t\t<div class=\"elementor-widget-container\">\n\t\t\t\t\t\t\t<div class=\"elementor-icon-wrapper\">\n\t\t\t<div class=\"elementor-icon\">\n\t\t\t<i aria-hidden=\"true\" class=\"hm hm-pulse\"><\/i>\t\t\t<\/div>\n\t\t<\/div>\n\t\t\t\t\t\t<\/div>\n\t\t\t\t<\/div>\n\t\t\t\t<div class=\"elementor-element elementor-element-a57575d elementor-widget elementor-widget-heading\" data-id=\"a57575d\" data-element_type=\"widget\" data-e-type=\"widget\" data-widget_type=\"heading.default\">\n\t\t\t\t<div class=\"elementor-widget-container\">\n\t\t\t\t\t<h2 class=\"elementor-heading-title elementor-size-default\">Protection du climat et de l'environnement <\/h2>\t\t\t\t<\/div>\n\t\t\t\t<\/div>\n\t\t\t\t<div class=\"elementor-element elementor-element-d21c90b elementor-widget elementor-widget-text-editor\" data-id=\"d21c90b\" data-element_type=\"widget\" data-e-type=\"widget\" data-widget_type=\"text-editor.default\">\n\t\t\t\t<div class=\"elementor-widget-container\">\n\t\t\t\t\t\t\t\t\t<p><span class=\"TextRun SCXW235723998 BCX8\" lang=\"FR-FR\" xml:lang=\"FR-FR\" data-contrast=\"auto\"><span class=\"NormalTextRun SCXW235723998 BCX8\">Dans tous les secteurs d&rsquo;activit\u00e9, nous posons des jalons en mati\u00e8re de protection du climat et de l&rsquo;environnement. Nous nous sommes \u00e9galement <\/span><span class=\"NormalTextRun SCXW235723998 BCX8\">fix\u00e9s<\/span><span class=\"NormalTextRun SCXW235723998 BCX8\"> pour objectif d&rsquo;apporter une contribution pertinente au tournant \u00e9nerg\u00e9tique gr\u00e2ce \u00e0 la production d&rsquo;\u00e9nergie \u00e0 partir des eaux us\u00e9es, en Allemagne et dans le monde entier.<\/span><\/span><span class=\"EOP SCXW235723998 BCX8\" data-ccp-props=\"{}\">\u00a0<\/span><\/p>\t\t\t\t\t\t\t\t<\/div>\n\t\t\t\t<\/div>\n\t\t\t\t<\/div>\n\t\t\t\t\t<\/div>\n\t\t\t\t<\/div>\n\t\t<div class=\"elementor-element elementor-element-67c1822e e-flex e-con-boxed e-con e-parent\" data-id=\"67c1822e\" data-element_type=\"container\" data-e-type=\"container\" data-settings=\"{&quot;background_background&quot;:&quot;classic&quot;,&quot;_ha_eqh_enable&quot;:false}\">\n\t\t\t\t\t<div class=\"e-con-inner\">\n\t\t<div class=\"elementor-element elementor-element-60f47a3b e-con-full e-flex e-con e-child\" data-id=\"60f47a3b\" data-element_type=\"container\" data-e-type=\"container\" data-settings=\"{&quot;_ha_eqh_enable&quot;:false}\">\n\t\t<div class=\"elementor-element elementor-element-446e7036 e-con-full e-flex e-con e-child\" data-id=\"446e7036\" data-element_type=\"container\" data-e-type=\"container\" data-settings=\"{&quot;_ha_eqh_enable&quot;:false}\">\n\t\t<div class=\"elementor-element elementor-element-49e66b86 e-con-full e-flex e-con e-child\" data-id=\"49e66b86\" data-element_type=\"container\" data-e-type=\"container\" data-settings=\"{&quot;_ha_eqh_enable&quot;:false}\">\n\t\t\t\t<div class=\"elementor-element elementor-element-51c576de elementor-widget elementor-widget-image\" data-id=\"51c576de\" data-element_type=\"widget\" data-e-type=\"widget\" data-widget_type=\"image.default\">\n\t\t\t\t<div class=\"elementor-widget-container\">\n\t\t\t\t\t\t\t\t\t\t\t\t\t\t\t<img decoding=\"async\" width=\"1280\" height=\"1024\" src=\"https:\/\/energie.uhrig-group.com\/wp-content\/uploads\/sites\/3\/team.jpg\" class=\"attachment-full size-full wp-image-4880\" alt=\"\" srcset=\"https:\/\/energie.uhrig-group.com\/wp-content\/uploads\/sites\/3\/team.jpg 1280w, https:\/\/energie.uhrig-group.com\/wp-content\/uploads\/sites\/3\/team-300x240.jpg 300w, https:\/\/energie.uhrig-group.com\/wp-content\/uploads\/sites\/3\/team-1024x819.jpg 1024w, https:\/\/energie.uhrig-group.com\/wp-content\/uploads\/sites\/3\/team-768x614.jpg 768w\" sizes=\"(max-width: 1280px) 100vw, 1280px\" \/>\t\t\t\t\t\t\t\t\t\t\t\t\t\t\t<\/div>\n\t\t\t\t<\/div>\n\t\t\t\t<\/div>\n\t\t<div class=\"elementor-element elementor-element-19d9052 e-con-full e-flex e-con e-child\" data-id=\"19d9052\" data-element_type=\"container\" data-e-type=\"container\" data-settings=\"{&quot;_ha_eqh_enable&quot;:false}\">\n\t\t\t\t<div class=\"elementor-element elementor-element-7379e26 elementor-widget elementor-widget-heading\" data-id=\"7379e26\" data-element_type=\"widget\" data-e-type=\"widget\" data-widget_type=\"heading.default\">\n\t\t\t\t<div class=\"elementor-widget-container\">\n\t\t\t\t\t<h3 class=\"elementor-heading-title elementor-size-default\">Notre \u00e9quipe<\/h3>\t\t\t\t<\/div>\n\t\t\t\t<\/div>\n\t\t\t\t<div class=\"elementor-element elementor-element-a1d7e4e elementor-widget elementor-widget-text-editor\" data-id=\"a1d7e4e\" data-element_type=\"widget\" data-e-type=\"widget\" data-widget_type=\"text-editor.default\">\n\t\t\t\t<div class=\"elementor-widget-container\">\n\t\t\t\t\t\t\t\t\t<p><span class=\"TextRun SCXW69130098 BCX8\" lang=\"FR-FR\" xml:lang=\"FR-FR\" data-contrast=\"auto\"><span class=\"NormalTextRun SCXW69130098 BCX8\">Les membres de notre \u00e9quipe travaillent au si\u00e8ge principal de Geisingen ou sont en partie d\u00e9centralis\u00e9s dans toute l&rsquo;Allemagne. Outre notre si\u00e8ge social situ\u00e9 au bord du lac de Constance, nous avons \u00e9galement une succursale \u00e0 Krefeld, en Rh\u00e9nanie-du-Nord-Westphalie.<\/span><\/span><span class=\"EOP SCXW69130098 BCX8\" data-ccp-props=\"{}\">\u00a0<\/span><\/p>\t\t\t\t\t\t\t\t<\/div>\n\t\t\t\t<\/div>\n\t\t\t\t<div class=\"elementor-element elementor-element-a0cbb97 elementor-widget elementor-widget-text-editor\" data-id=\"a0cbb97\" data-element_type=\"widget\" data-e-type=\"widget\" data-widget_type=\"text-editor.default\">\n\t\t\t\t<div class=\"elementor-widget-container\">\n\t\t\t\t\t\t\t\t\t<p><span class=\"TextRun SCXW223468782 BCX8\" lang=\"FR-FR\" xml:lang=\"FR-FR\" data-contrast=\"auto\"><span class=\"NormalTextRun SCXW223468782 BCX8\">Notre \u00e9quipe <\/span><span class=\"NormalTextRun SCXW223468782 BCX8\">Uhrig E<\/span><span class=\"NormalTextRun SCXW223468782 BCX8\">nergie compte actuellement une quinzaine de collaborateurs<\/span><span class=\"NormalTextRun SCXW223468782 BCX8\"> et collaboratrices<\/span><span class=\"NormalTextRun SCXW223468782 BCX8\">. Nous sommes toujours \u00e0 la recherche de renforts. N&rsquo;h\u00e9sitez pas \u00e0 nous contacter si<\/span><span class=\"NormalTextRun SCXW223468782 BCX8\">, avec nous,<\/span><span class=\"NormalTextRun SCXW223468782 BCX8\"> vous souhaitez faire la diff\u00e9rence.<\/span><\/span><span class=\"EOP SCXW223468782 BCX8\" data-ccp-props=\"{}\">\u00a0<\/span><\/p>\t\t\t\t\t\t\t\t<\/div>\n\t\t\t\t<\/div>\n\t\t\t\t<div class=\"elementor-element elementor-element-78a6bd8 elementor-widget elementor-widget-text-editor\" data-id=\"78a6bd8\" data-element_type=\"widget\" data-e-type=\"widget\" data-widget_type=\"text-editor.default\">\n\t\t\t\t<div class=\"elementor-widget-container\">\n\t\t\t\t\t\t\t\t\t<p><span class=\"TextRun SCXW69974168 BCX8\" lang=\"FR-FR\" xml:lang=\"FR-FR\" data-contrast=\"auto\"><span class=\"NormalTextRun SCXW69974168 BCX8\">Nous sommes \u00e0 votre disposition<\/span><\/span>.<\/p>\t\t\t\t\t\t\t\t<\/div>\n\t\t\t\t<\/div>\n\t\t\t\t<div class=\"elementor-element elementor-element-ea31e5d elementor-widget elementor-widget-button\" data-id=\"ea31e5d\" data-element_type=\"widget\" data-e-type=\"widget\" data-widget_type=\"button.default\">\n\t\t\t\t<div class=\"elementor-widget-container\">\n\t\t\t\t\t\t\t\t\t<div class=\"elementor-button-wrapper\">\n\t\t\t\t\t<a class=\"elementor-button elementor-button-link elementor-size-sm\" href=\"https:\/\/energie.uhrig-group.com\/en\/team\/\">\n\t\t\t\t\t\t<span class=\"elementor-button-content-wrapper\">\n\t\t\t\t\t\t\t\t\t<span class=\"elementor-button-text\">\u00c9quipe<\/span>\n\t\t\t\t\t<\/span>\n\t\t\t\t\t<\/a>\n\t\t\t\t<\/div>\n\t\t\t\t\t\t\t\t<\/div>\n\t\t\t\t<\/div>\n\t\t\t\t<\/div>\n\t\t\t\t<\/div>\n\t\t\t\t<\/div>\n\t\t\t\t\t<\/div>\n\t\t\t\t<\/div>\n\t\t\t\t<\/div>\n\t\t","protected":false},"excerpt":{"rendered":"<p>UHRIG comme employeur\u00a0 Carri\u00e8res Nous sommes toujours \u00e0 la recherche de renforts. Nous voulons faire la diff\u00e9rence et recherchons des personnes qui souhaitent, \u00e0 nos c\u00f4t\u00e9s, apporter une contribution particuli\u00e8re [&#8230;]<\/p>\n","protected":false},"author":1,"featured_media":0,"parent":0,"menu_order":0,"comment_status":"closed","ping_status":"closed","template":"","meta":{"site-sidebar-layout":"no-sidebar","site-content-layout":"page-builder","ast-site-content-layout":"full-width-container","site-content-style":"default","site-sidebar-style":"default","ast-global-header-display":"","ast-banner-title-visibility":"","ast-main-header-display":"","ast-hfb-above-header-display":"","ast-hfb-below-header-display":"","ast-hfb-mobile-header-display":"","site-post-title":"disabled","ast-breadcrumbs-content":"","ast-featured-img":"disabled","footer-sml-layout":"","ast-disable-related-posts":"","theme-transparent-header-meta":"","adv-header-id-meta":"","stick-header-meta":"","header-above-stick-meta":"","header-main-stick-meta":"","header-below-stick-meta":"","astra-migrate-meta-layouts":"default","ast-page-background-enabled":"default","ast-page-background-meta":{"desktop":{"background-color":"var(--ast-global-color-4)","background-image":"","background-repeat":"repeat","background-position":"center center","background-size":"auto","background-attachment":"scroll","background-type":"","background-media":"","overlay-type":"","overlay-color":"","overlay-opacity":"","overlay-gradient":""},"tablet":{"background-color":"","background-image":"","background-repeat":"repeat","background-position":"center center","background-size":"auto","background-attachment":"scroll","background-type":"","background-media":"","overlay-type":"","overlay-color":"","overlay-opacity":"","overlay-gradient":""},"mobile":{"background-color":"","background-image":"","background-repeat":"repeat","background-position":"center center","background-size":"auto","background-attachment":"scroll","background-type":"","background-media":"","overlay-type":"","overlay-color":"","overlay-opacity":"","overlay-gradient":""}},"ast-content-background-meta":{"desktop":{"background-color":"var(--ast-global-color-5)","background-image":"","background-repeat":"repeat","background-position":"center center","background-size":"auto","background-attachment":"scroll","background-type":"","background-media":"","overlay-type":"","overlay-color":"","overlay-opacity":"","overlay-gradient":""},"tablet":{"background-color":"var(--ast-global-color-5)","background-image":"","background-repeat":"repeat","background-position":"center center","background-size":"auto","background-attachment":"scroll","background-type":"","background-media":"","overlay-type":"","overlay-color":"","overlay-opacity":"","overlay-gradient":""},"mobile":{"background-color":"var(--ast-global-color-5)","background-image":"","background-repeat":"repeat","background-position":"center center","background-size":"auto","background-attachment":"scroll","background-type":"","background-media":"","overlay-type":"","overlay-color":"","overlay-opacity":"","overlay-gradient":""}},"footnotes":""},"class_list":["post-4129","page","type-page","status-publish","hentry"],"_links":{"self":[{"href":"https:\/\/energie.uhrig-group.com\/fr\/wp-json\/wp\/v2\/pages\/4129","targetHints":{"allow":["GET"]}}],"collection":[{"href":"https:\/\/energie.uhrig-group.com\/fr\/wp-json\/wp\/v2\/pages"}],"about":[{"href":"https:\/\/energie.uhrig-group.com\/fr\/wp-json\/wp\/v2\/types\/page"}],"author":[{"embeddable":true,"href":"https:\/\/energie.uhrig-group.com\/fr\/wp-json\/wp\/v2\/users\/1"}],"replies":[{"embeddable":true,"href":"https:\/\/energie.uhrig-group.com\/fr\/wp-json\/wp\/v2\/comments?post=4129"}],"version-history":[{"count":16,"href":"https:\/\/energie.uhrig-group.com\/fr\/wp-json\/wp\/v2\/pages\/4129\/revisions"}],"predecessor-version":[{"id":5573,"href":"https:\/\/energie.uhrig-group.com\/fr\/wp-json\/wp\/v2\/pages\/4129\/revisions\/5573"}],"wp:attachment":[{"href":"https:\/\/energie.uhrig-group.com\/fr\/wp-json\/wp\/v2\/media?parent=4129"}],"curies":[{"name":"wp","href":"https:\/\/api.w.org\/{rel}","templated":true}]}}