{"id":4135,"date":"2023-09-10T11:23:56","date_gmt":"2023-09-10T09:23:56","guid":{"rendered":"https:\/\/energie.uhrig-group.com\/downloads\/"},"modified":"2026-03-09T11:12:19","modified_gmt":"2026-03-09T10:12:19","slug":"telechargements","status":"publish","type":"page","link":"https:\/\/energie.uhrig-group.com\/fr\/telechargements\/","title":{"rendered":"T\u00e9l\u00e9chargements"},"content":{"rendered":"\t\t<div data-elementor-type=\"wp-page\" data-elementor-id=\"4135\" class=\"elementor elementor-4135 elementor-830\" data-elementor-settings=\"{&quot;ha_cmc_init_switcher&quot;:&quot;no&quot;}\">\n\t\t\t\t<div class=\"elementor-element elementor-element-67ec1bfa e-flex e-con-boxed e-con e-parent\" data-id=\"67ec1bfa\" data-element_type=\"container\" data-e-type=\"container\" data-settings=\"{&quot;background_background&quot;:&quot;classic&quot;,&quot;_ha_eqh_enable&quot;:false}\">\n\t\t\t\t\t<div class=\"e-con-inner\">\n\t\t<div class=\"elementor-element elementor-element-491cdc06 e-con-full e-flex e-con e-child\" data-id=\"491cdc06\" data-element_type=\"container\" data-e-type=\"container\" data-settings=\"{&quot;_ha_eqh_enable&quot;:false}\">\n\t\t\t\t<div class=\"elementor-element elementor-element-d2c8cb1 elementor-widget elementor-widget-text-editor\" data-id=\"d2c8cb1\" data-element_type=\"widget\" data-e-type=\"widget\" data-widget_type=\"text-editor.default\">\n\t\t\t\t<div class=\"elementor-widget-container\">\n\t\t\t\t\t\t\t\t\t<p>UHRIG Energie<\/p>\t\t\t\t\t\t\t\t<\/div>\n\t\t\t\t<\/div>\n\t\t\t\t<div class=\"elementor-element elementor-element-8683b0a elementor-widget elementor-widget-heading\" data-id=\"8683b0a\" data-element_type=\"widget\" data-e-type=\"widget\" data-widget_type=\"heading.default\">\n\t\t\t\t<div class=\"elementor-widget-container\">\n\t\t\t\t\t<h1 class=\"elementor-heading-title elementor-size-default\">T\u00e9l\u00e9chargements <\/h1>\t\t\t\t<\/div>\n\t\t\t\t<\/div>\n\t\t\t\t<div class=\"elementor-element elementor-element-4dfb4f41 elementor-widget elementor-widget-text-editor\" data-id=\"4dfb4f41\" data-element_type=\"widget\" data-e-type=\"widget\" data-widget_type=\"text-editor.default\">\n\t\t\t\t<div class=\"elementor-widget-container\">\n\t\t\t\t\t\t\t\t\t<p><span class=\"TextRun SCXW44291099 BCX8\" lang=\"FR-FR\" xml:lang=\"FR-FR\" data-contrast=\"auto\"><span class=\"NormalTextRun SCXW44291099 BCX8\">Vous cherchez des informations <\/span><span class=\"NormalTextRun SCXW44291099 BCX8\">\u00e0 notre sujet et sur<\/span><span class=\"NormalTextRun SCXW44291099 BCX8\"> et notre travail ? Vous trouverez ici l&rsquo;essentiel sur la chaleur produite par les eaux us\u00e9es et sur notre travail.<\/span><\/span><span class=\"EOP SCXW44291099 BCX8\" data-ccp-props=\"{}\">\u00a0<\/span><\/p>\t\t\t\t\t\t\t\t<\/div>\n\t\t\t\t<\/div>\n\t\t\t\t<div class=\"elementor-element elementor-element-b7603f6 elementor-widget elementor-widget-text-editor\" data-id=\"b7603f6\" data-element_type=\"widget\" data-e-type=\"widget\" data-widget_type=\"text-editor.default\">\n\t\t\t\t<div class=\"elementor-widget-container\">\n\t\t\t\t\t\t\t\t\t<p><span class=\"TextRun SCXW148204257 BCX8\" lang=\"FR-FR\" xml:lang=\"FR-FR\" data-contrast=\"auto\"><span class=\"NormalTextRun SCXW148204257 BCX8\">S&rsquo;il vous manque quelque chose, n&rsquo;h\u00e9sitez pas \u00e0 nous en parler !<\/span><\/span><span class=\"EOP SCXW148204257 BCX8\" data-ccp-props=\"{}\">\u00a0<\/span><\/p>\t\t\t\t\t\t\t\t<\/div>\n\t\t\t\t<\/div>\n\t\t\t\t<div class=\"elementor-element elementor-element-814a37f elementor-widget elementor-widget-button\" data-id=\"814a37f\" data-element_type=\"widget\" data-e-type=\"widget\" data-widget_type=\"button.default\">\n\t\t\t\t<div class=\"elementor-widget-container\">\n\t\t\t\t\t\t\t\t\t<div class=\"elementor-button-wrapper\">\n\t\t\t\t\t<a class=\"elementor-button elementor-button-link elementor-size-sm\" href=\"https:\/\/energie.uhrig-group.com\/en\/contact\/\">\n\t\t\t\t\t\t<span class=\"elementor-button-content-wrapper\">\n\t\t\t\t\t\t\t\t\t<span class=\"elementor-button-text\">Contact<\/span>\n\t\t\t\t\t<\/span>\n\t\t\t\t\t<\/a>\n\t\t\t\t<\/div>\n\t\t\t\t\t\t\t\t<\/div>\n\t\t\t\t<\/div>\n\t\t\t\t<\/div>\n\t\t<div class=\"elementor-element elementor-element-44f5dd8d e-con-full e-flex e-con e-child\" data-id=\"44f5dd8d\" data-element_type=\"container\" data-e-type=\"container\" data-settings=\"{&quot;_ha_eqh_enable&quot;:false}\">\n\t\t\t\t<div class=\"elementor-element elementor-element-e9eb138 elementor-widget elementor-widget-image\" data-id=\"e9eb138\" data-element_type=\"widget\" data-e-type=\"widget\" data-widget_type=\"image.default\">\n\t\t\t\t<div class=\"elementor-widget-container\">\n\t\t\t\t\t\t\t\t\t\t\t\t\t\t\t<img fetchpriority=\"high\" decoding=\"async\" width=\"1024\" height=\"819\" src=\"https:\/\/energie.uhrig-group.com\/wp-content\/uploads\/sites\/3\/downloads-1024x819.jpg\" class=\"attachment-large size-large wp-image-4136\" alt=\"\" srcset=\"https:\/\/energie.uhrig-group.com\/wp-content\/uploads\/sites\/3\/downloads-1024x819.jpg 1024w, https:\/\/energie.uhrig-group.com\/wp-content\/uploads\/sites\/3\/downloads-300x240.jpg 300w, https:\/\/energie.uhrig-group.com\/wp-content\/uploads\/sites\/3\/downloads-768x614.jpg 768w, https:\/\/energie.uhrig-group.com\/wp-content\/uploads\/sites\/3\/downloads.jpg 1280w\" sizes=\"(max-width: 1024px) 100vw, 1024px\" \/>\t\t\t\t\t\t\t\t\t\t\t\t\t\t\t<\/div>\n\t\t\t\t<\/div>\n\t\t\t\t<\/div>\n\t\t\t\t\t<\/div>\n\t\t\t\t<\/div>\n\t\t<div class=\"elementor-element elementor-element-1f97734c e-flex e-con-boxed e-con e-parent\" data-id=\"1f97734c\" data-element_type=\"container\" data-e-type=\"container\" data-settings=\"{&quot;_ha_eqh_enable&quot;:false}\">\n\t\t\t\t\t<div class=\"e-con-inner\">\n\t\t<div class=\"elementor-element elementor-element-7c0dd9be e-con-full e-flex e-con e-child\" data-id=\"7c0dd9be\" data-element_type=\"container\" data-e-type=\"container\" data-settings=\"{&quot;_ha_eqh_enable&quot;:false}\">\n\t\t<div class=\"elementor-element elementor-element-6138c1b2 e-con-full e-flex e-con e-child\" data-id=\"6138c1b2\" data-element_type=\"container\" data-e-type=\"container\" data-settings=\"{&quot;_ha_eqh_enable&quot;:false}\">\n\t\t<div class=\"elementor-element elementor-element-379c17d0 e-con-full e-flex e-con e-child\" data-id=\"379c17d0\" data-element_type=\"container\" data-e-type=\"container\" data-settings=\"{&quot;background_background&quot;:&quot;classic&quot;,&quot;_ha_eqh_enable&quot;:false}\">\n\t\t\t\t<div class=\"elementor-element elementor-element-208865b elementor-widget elementor-widget-text-editor\" data-id=\"208865b\" data-element_type=\"widget\" data-e-type=\"widget\" data-widget_type=\"text-editor.default\">\n\t\t\t\t<div class=\"elementor-widget-container\">\n\t\t\t\t\t\t\t\t\t<p style=\"padding-top: 10px;\"><strong>Projet<\/strong><\/p><p style=\"padding-top: 10px;\"><a href=\"https:\/\/energie.uhrig-group.com\/wp-content\/uploads\/sites\/3\/CHECK-LIST-FORMULAIRE-UHRIG-Energie-des-eaux-usees.pdf\" target=\"_blank\" rel=\"noopener\">\u201cMon projet\u201d check-list \u2013 \u00e9nergie des eaux us\u00e9es<\/a><\/p>\t\t\t\t\t\t\t\t<\/div>\n\t\t\t\t<\/div>\n\t\t\t\t<div class=\"elementor-element elementor-element-a77a7e1 elementor-widget elementor-widget-text-editor\" data-id=\"a77a7e1\" data-element_type=\"widget\" data-e-type=\"widget\" data-widget_type=\"text-editor.default\">\n\t\t\t\t<div class=\"elementor-widget-container\">\n\t\t\t\t\t\t\t\t\t<p style=\"padding-top: 10px;\"><strong>R\u00e9f\u00e9rences<\/strong><\/p><p style=\"padding-top: 10px;\"><a href=\"https:\/\/energie.uhrig-group.com\/wp-content\/uploads\/sites\/3\/2021_Bamberg_1.0-MW-Heizen_UHRIG-Energie-aus-Abwasser-1.pdf\">Bamberg &#8211; 1.0 MW chauffage UHRIG \u00e9nergie des eaux us\u00e9es <\/a>(en allemand)<\/p><p style=\"padding-top: 10px;\"><a style=\"font-style: inherit; font-weight: inherit; background-color: #f5f5f7; text-align: var(--text-align);\" href=\"https:\/\/energie.uhrig-group.com\/wp-content\/uploads\/sites\/3\/2018_Stuttgart_2.1-MW-Heizen_UHRIG-Energie-aus-Abwasser-1.pdf\">Stuttgart &#8211; 2.1 MW <\/a><a href=\"https:\/\/energie.uhrig-group.com\/wp-content\/uploads\/sites\/3\/2021_Bamberg_1.0-MW-Heizen_UHRIG-Energie-aus-Abwasser-1.pdf\">chauffage UHRIG \u00e9nergie des eaux us\u00e9es<\/a> (en allemand)<\/p><p style=\"padding-top: 10px;\"><a style=\"font-style: inherit; font-weight: inherit; background-color: #f5f5f7; text-align: var(--text-align);\" href=\"https:\/\/energie.uhrig-group.com\/wp-content\/uploads\/sites\/3\/2021_Winnenden_281-kW-Heizen_UHRIG-Energie-aus-Abwasser-1.pdf\">Winnenden &#8211; 281 kW <\/a><a href=\"https:\/\/energie.uhrig-group.com\/wp-content\/uploads\/sites\/3\/2021_Bamberg_1.0-MW-Heizen_UHRIG-Energie-aus-Abwasser-1.pdf\">chauffage UHRIG \u00e9nergie des eaux us\u00e9es<\/a> (en allemand)<\/p><p style=\"padding-top: 10px;\"><a href=\"https:\/\/energie.uhrig-group.com\/wp-content\/uploads\/sites\/3\/260228-REFERENCES-UHRIG-chaleur-des-eaux-usees_FR-Version.pdf\" target=\"_blank\" rel=\"noopener\">R\u00e9f\u00e9rences UHRIG \u2013 \u00e9nergie des eaux us\u00e9es<\/a><\/p>\t\t\t\t\t\t\t\t<\/div>\n\t\t\t\t<\/div>\n\t\t\t\t<div class=\"elementor-element elementor-element-d037bed elementor-widget elementor-widget-text-editor\" data-id=\"d037bed\" data-element_type=\"widget\" data-e-type=\"widget\" data-widget_type=\"text-editor.default\">\n\t\t\t\t<div class=\"elementor-widget-container\">\n\t\t\t\t\t\t\t\t\t<p style=\"padding-top: 10px;\"><b>\u00c9tudes<\/b><\/p><p style=\"padding-top: 10px;\"><a style=\"font-style: inherit; font-weight: inherit; background-color: #f5f5f7; text-align: var(--text-align);\" href=\"https:\/\/energie.uhrig-group.com\/wp-content\/uploads\/sites\/3\/2011-IER-Studie-AWN-Langfassung.pdf\">2011: IER; Nahw\u00e4rmenetz Kanal <\/a>(en allemand)<\/p><p style=\"padding-top: 10px;\"><a style=\"font-style: inherit; font-weight: inherit; text-align: var(--text-align); background-color: #f5f5f7;\" href=\"https:\/\/energie.uhrig-group.com\/wp-content\/uploads\/sites\/3\/2017-ENERVIS-Studie-Energie-aus-Abwasser.pdf\">2017: Enervis; Wastewater energy. The undiscovered potential <\/a>(en allemand)<\/p><p style=\"padding-top: 10px;\"><a style=\"font-style: inherit; font-weight: inherit; background-color: #f5f5f7; text-align: var(--text-align);\" href=\"https:\/\/energie.uhrig-group.com\/wp-content\/uploads\/sites\/3\/2018-IFEU-Abwaermepotenzial_Abwasser_final_update.pdf\">2018: Ifeu; Municipal wastewater as potential for the energy turnaround <\/a>(en allemand)<\/p>\t\t\t\t\t\t\t\t<\/div>\n\t\t\t\t<\/div>\n\t\t\t\t<\/div>\n\t\t\t\t<\/div>\n\t\t\t\t<\/div>\n\t\t\t\t\t<\/div>\n\t\t\t\t<\/div>\n\t\t<div class=\"elementor-element elementor-element-4ea8bdb3 e-flex e-con-boxed e-con e-parent\" data-id=\"4ea8bdb3\" data-element_type=\"container\" data-e-type=\"container\" data-settings=\"{&quot;background_background&quot;:&quot;classic&quot;,&quot;_ha_eqh_enable&quot;:false}\">\n\t\t\t\t\t<div class=\"e-con-inner\">\n\t\t<div class=\"elementor-element elementor-element-483652d e-con-full e-flex e-con e-child\" data-id=\"483652d\" data-element_type=\"container\" data-e-type=\"container\" data-settings=\"{&quot;_ha_eqh_enable&quot;:false}\">\n\t\t<div class=\"elementor-element elementor-element-1a49bb7b e-con-full e-flex e-con e-child\" data-id=\"1a49bb7b\" data-element_type=\"container\" data-e-type=\"container\" data-settings=\"{&quot;_ha_eqh_enable&quot;:false}\">\n\t\t<div class=\"elementor-element elementor-element-193b0b87 e-con-full e-flex e-con e-child\" data-id=\"193b0b87\" data-element_type=\"container\" data-e-type=\"container\" data-settings=\"{&quot;_ha_eqh_enable&quot;:false}\">\n\t\t\t\t<div class=\"elementor-element elementor-element-ce8ba9c elementor-widget elementor-widget-image\" data-id=\"ce8ba9c\" data-element_type=\"widget\" data-e-type=\"widget\" data-widget_type=\"image.default\">\n\t\t\t\t<div class=\"elementor-widget-container\">\n\t\t\t\t\t\t\t\t\t\t\t\t\t\t\t<img decoding=\"async\" width=\"1280\" height=\"1024\" src=\"https:\/\/energie.uhrig-group.com\/wp-content\/uploads\/sites\/3\/fragen-und-antworten.jpg\" class=\"attachment-full size-full wp-image-4870\" alt=\"\" srcset=\"https:\/\/energie.uhrig-group.com\/wp-content\/uploads\/sites\/3\/fragen-und-antworten.jpg 1280w, https:\/\/energie.uhrig-group.com\/wp-content\/uploads\/sites\/3\/fragen-und-antworten-300x240.jpg 300w, https:\/\/energie.uhrig-group.com\/wp-content\/uploads\/sites\/3\/fragen-und-antworten-1024x819.jpg 1024w, https:\/\/energie.uhrig-group.com\/wp-content\/uploads\/sites\/3\/fragen-und-antworten-768x614.jpg 768w\" sizes=\"(max-width: 1280px) 100vw, 1280px\" \/>\t\t\t\t\t\t\t\t\t\t\t\t\t\t\t<\/div>\n\t\t\t\t<\/div>\n\t\t\t\t<\/div>\n\t\t<div class=\"elementor-element elementor-element-63dd53f1 e-con-full e-flex e-con e-child\" data-id=\"63dd53f1\" data-element_type=\"container\" data-e-type=\"container\" data-settings=\"{&quot;_ha_eqh_enable&quot;:false}\">\n\t\t\t\t<div class=\"elementor-element elementor-element-6b87c9b elementor-widget elementor-widget-text-editor\" data-id=\"6b87c9b\" data-element_type=\"widget\" data-e-type=\"widget\" data-widget_type=\"text-editor.default\">\n\t\t\t\t<div class=\"elementor-widget-container\">\n\t\t\t\t\t\t\t\t\t<p>Foire aux questions<\/p>\t\t\t\t\t\t\t\t<\/div>\n\t\t\t\t<\/div>\n\t\t\t\t<div class=\"elementor-element elementor-element-7379e26 elementor-widget elementor-widget-heading\" data-id=\"7379e26\" data-element_type=\"widget\" data-e-type=\"widget\" data-widget_type=\"heading.default\">\n\t\t\t\t<div class=\"elementor-widget-container\">\n\t\t\t\t\t<h3 class=\"elementor-heading-title elementor-size-default\">Vous nous posez une question, nous y r\u00e9pondons. <\/h3>\t\t\t\t<\/div>\n\t\t\t\t<\/div>\n\t\t\t\t<div class=\"elementor-element elementor-element-a0cbb97 elementor-widget elementor-widget-text-editor\" data-id=\"a0cbb97\" data-element_type=\"widget\" data-e-type=\"widget\" data-widget_type=\"text-editor.default\">\n\t\t\t\t<div class=\"elementor-widget-container\">\n\t\t\t\t\t\t\t\t\t<p><span class=\"TextRun SCXW134067594 BCX8\" lang=\"FR-FR\" xml:lang=\"FR-FR\" data-contrast=\"auto\"><span class=\"NormalTextRun SCXW134067594 BCX8\">Nous avons rassembl\u00e9 pour vous les questions et r\u00e9ponses les plus importantes et les avons r\u00e9unies dans notre foire aux questions (FAQ).<\/span><\/span><span class=\"EOP SCXW134067594 BCX8\" data-ccp-props=\"{}\">\u00a0<\/span><\/p>\t\t\t\t\t\t\t\t<\/div>\n\t\t\t\t<\/div>\n\t\t\t\t<div class=\"elementor-element elementor-element-ea31e5d elementor-widget elementor-widget-button\" data-id=\"ea31e5d\" data-element_type=\"widget\" data-e-type=\"widget\" data-widget_type=\"button.default\">\n\t\t\t\t<div class=\"elementor-widget-container\">\n\t\t\t\t\t\t\t\t\t<div class=\"elementor-button-wrapper\">\n\t\t\t\t\t<a class=\"elementor-button elementor-button-link elementor-size-sm\" href=\"https:\/\/energie.uhrig-group.com\/en\/faqs\/\">\n\t\t\t\t\t\t<span class=\"elementor-button-content-wrapper\">\n\t\t\t\t\t\t\t\t\t<span class=\"elementor-button-text\">FAQ<\/span>\n\t\t\t\t\t<\/span>\n\t\t\t\t\t<\/a>\n\t\t\t\t<\/div>\n\t\t\t\t\t\t\t\t<\/div>\n\t\t\t\t<\/div>\n\t\t\t\t<\/div>\n\t\t\t\t<\/div>\n\t\t\t\t<\/div>\n\t\t\t\t\t<\/div>\n\t\t\t\t<\/div>\n\t\t\t\t<\/div>\n\t\t","protected":false},"excerpt":{"rendered":"<p>UHRIG Energie T\u00e9l\u00e9chargements Vous cherchez des informations \u00e0 notre sujet et sur et notre travail ? Vous trouverez ici l&rsquo;essentiel sur la chaleur produite par les eaux us\u00e9es et sur [&#8230;]<\/p>\n","protected":false},"author":1,"featured_media":0,"parent":0,"menu_order":0,"comment_status":"closed","ping_status":"closed","template":"","meta":{"site-sidebar-layout":"no-sidebar","site-content-layout":"page-builder","ast-site-content-layout":"full-width-container","site-content-style":"default","site-sidebar-style":"default","ast-global-header-display":"","ast-banner-title-visibility":"","ast-main-header-display":"","ast-hfb-above-header-display":"","ast-hfb-below-header-display":"","ast-hfb-mobile-header-display":"","site-post-title":"disabled","ast-breadcrumbs-content":"","ast-featured-img":"disabled","footer-sml-layout":"","ast-disable-related-posts":"","theme-transparent-header-meta":"","adv-header-id-meta":"","stick-header-meta":"","header-above-stick-meta":"","header-main-stick-meta":"","header-below-stick-meta":"","astra-migrate-meta-layouts":"set","ast-page-background-enabled":"default","ast-page-background-meta":{"desktop":{"background-color":"var(--ast-global-color-4)","background-image":"","background-repeat":"repeat","background-position":"center center","background-size":"auto","background-attachment":"scroll","background-type":"","background-media":"","overlay-type":"","overlay-color":"","overlay-opacity":"","overlay-gradient":""},"tablet":{"background-color":"","background-image":"","background-repeat":"repeat","background-position":"center center","background-size":"auto","background-attachment":"scroll","background-type":"","background-media":"","overlay-type":"","overlay-color":"","overlay-opacity":"","overlay-gradient":""},"mobile":{"background-color":"","background-image":"","background-repeat":"repeat","background-position":"center center","background-size":"auto","background-attachment":"scroll","background-type":"","background-media":"","overlay-type":"","overlay-color":"","overlay-opacity":"","overlay-gradient":""}},"ast-content-background-meta":{"desktop":{"background-color":"var(--ast-global-color-5)","background-image":"","background-repeat":"repeat","background-position":"center center","background-size":"auto","background-attachment":"scroll","background-type":"","background-media":"","overlay-type":"","overlay-color":"","overlay-opacity":"","overlay-gradient":""},"tablet":{"background-color":"var(--ast-global-color-5)","background-image":"","background-repeat":"repeat","background-position":"center center","background-size":"auto","background-attachment":"scroll","background-type":"","background-media":"","overlay-type":"","overlay-color":"","overlay-opacity":"","overlay-gradient":""},"mobile":{"background-color":"var(--ast-global-color-5)","background-image":"","background-repeat":"repeat","background-position":"center center","background-size":"auto","background-attachment":"scroll","background-type":"","background-media":"","overlay-type":"","overlay-color":"","overlay-opacity":"","overlay-gradient":""}},"footnotes":""},"class_list":["post-4135","page","type-page","status-publish","hentry"],"_links":{"self":[{"href":"https:\/\/energie.uhrig-group.com\/fr\/wp-json\/wp\/v2\/pages\/4135","targetHints":{"allow":["GET"]}}],"collection":[{"href":"https:\/\/energie.uhrig-group.com\/fr\/wp-json\/wp\/v2\/pages"}],"about":[{"href":"https:\/\/energie.uhrig-group.com\/fr\/wp-json\/wp\/v2\/types\/page"}],"author":[{"embeddable":true,"href":"https:\/\/energie.uhrig-group.com\/fr\/wp-json\/wp\/v2\/users\/1"}],"replies":[{"embeddable":true,"href":"https:\/\/energie.uhrig-group.com\/fr\/wp-json\/wp\/v2\/comments?post=4135"}],"version-history":[{"count":54,"href":"https:\/\/energie.uhrig-group.com\/fr\/wp-json\/wp\/v2\/pages\/4135\/revisions"}],"predecessor-version":[{"id":6712,"href":"https:\/\/energie.uhrig-group.com\/fr\/wp-json\/wp\/v2\/pages\/4135\/revisions\/6712"}],"wp:attachment":[{"href":"https:\/\/energie.uhrig-group.com\/fr\/wp-json\/wp\/v2\/media?parent=4135"}],"curies":[{"name":"wp","href":"https:\/\/api.w.org\/{rel}","templated":true}]}}